{"id":144,"date":"2018-03-30T22:32:46","date_gmt":"2018-03-30T20:32:46","guid":{"rendered":"http:\/\/neu.hildalbert.de\/?page_id=144"},"modified":"2023-08-09T14:40:34","modified_gmt":"2023-08-09T12:40:34","slug":"ferienhaus-villa-hildalbert-in-norden","status":"publish","type":"page","link":"https:\/\/www.hildalbert.de\/?page_id=144","title":{"rendered":"Ferienhaus &#8222;Villa Hildalbert&#8220; in Norden"},"content":{"rendered":"<div id=\"attachment_399\" style=\"width: 310px\" class=\"wp-caption alignright\"><a href=\"https:\/\/www.hildalbert.de\/?page_id=594\" rel=\"noopener noreferrer\"><img loading=\"lazy\" decoding=\"async\" aria-describedby=\"caption-attachment-399\" class=\"wp-image-399 size-medium\" src=\"https:\/\/www.hildalbert.de\/wp-content\/uploads\/2018\/09\/villahildalbert_wzeg02-300x180.jpg\" alt=\"Wohnzimmer, E\u00dfzimmer und Wohnk\u00fcche\" width=\"300\" height=\"180\"><\/a><p id=\"caption-attachment-399\" class=\"wp-caption-text\">Wohnzimmer, E\u00dfzimmer und Wohnk\u00fcche<\/p><\/div>\n<p><span style=\"font-size: 12pt;\">Komfortables und ruhig gelegenes Ferienhaus mit bester Ausstattung.<\/span><br \/>\n<span style=\"font-size: 12pt;\"> Am Ortsrand in Richtung Norddeich gelegen, in einem Wohngebiet von Norden (keine Ferienanlage).<\/span><br \/>\n<span style=\"font-size: 12pt;\"> Auf ca. 90 qm, verteilt auf zwei Etagen k\u00f6nnen bis zu 4 Personen (max. zwei Hunde) Urlaub machen.<\/span><\/p>\n<table>\n<tbody>\n<tr>\n<td>\n<h2><span style=\"font-size: 12pt;\"><strong>Erdgeschoss<\/strong>:<\/span><\/h2>\n<ul>\n<li><span style=\"font-size: 12pt;\"><strong>Wohn-E\u00dfzimmer<\/strong>, ausgestattet mit:<\/span><br \/>\n<span style=\"font-size: 12pt;\"> Ledercouch mit Tisch,<\/span><br \/>\n<span style=\"font-size: 12pt;\"> Fernseher,<\/span><br \/>\n<span style=\"font-size: 12pt;\"> Esstisch mit St\u00fchlen<\/span><\/li>\n<li><span style=\"font-size: 12pt;\"><strong>Wohnk\u00fcche<\/strong>, ausgestattet mit:<\/span><br \/>\n<span style=\"font-size: 12pt;\"> Herd,<\/span><br \/>\n<span style=\"font-size: 12pt;\"> Backofen,<\/span><br \/>\n<span style=\"font-size: 12pt;\"> Mikrowelle,<\/span><br \/>\n<span style=\"font-size: 12pt;\"> K\u00fchlschrank,<\/span><br \/>\n<span style=\"font-size: 12pt;\"> Kaffeemaschine (Pads),<\/span><br \/>\n<span style=\"font-size: 12pt;\"> Sp\u00fclmaschine<\/span><\/li>\n<li><span style=\"font-size: 12pt;\"><strong>Schlafzimmer<\/strong>,&nbsp;ausgestattet mit:<\/span><br \/>\n<span style=\"font-size: 12pt;\"> Doppelbett,<\/span><br \/>\n<span style=\"font-size: 12pt;\"> Schrank<\/span><\/li>\n<li><span style=\"font-size: 12pt;\"><strong>Bad<\/strong>, ausgestattet mit:<\/span><br \/>\n<span style=\"font-size: 12pt;\"> Dusche,<\/span><br \/>\n<span style=\"font-size: 12pt;\"> WC,<\/span><br \/>\n<span style=\"font-size: 12pt;\"> Waschbecken,<\/span><br \/>\n<span style=\"font-size: 12pt;\"> Waschmaschine,<\/span><br \/>\n<span style=\"font-size: 12pt;\"> W\u00e4schetrockner<\/span><\/li>\n<li><span style=\"font-size: 12pt;\"><strong>Sauna<\/strong><\/span><\/li>\n<\/ul>\n<\/td>\n<td>\n<h2><span style=\"font-size: 12pt;\"><strong>Obergeschoss:<\/strong><\/span><\/h2>\n<ul>\n<li><span style=\"font-size: 12pt;\"><strong>Gro\u00dfes Schlafzimmer<\/strong>, ausgestattet mit:<\/span><br \/>\n<span style=\"font-size: 12pt;\"> Doppelbett,<\/span><br \/>\n<span style=\"font-size: 12pt;\"> Fernseher,<\/span><br \/>\n<span style=\"font-size: 12pt;\"> Sitzecke,<\/span><\/li>\n<li><span style=\"font-size: 12pt;\"><strong>Bad<\/strong>, ausgestattet mit:<\/span><br \/>\n<span style=\"font-size: 12pt;\"> Waschbecken,<\/span><br \/>\n<span style=\"font-size: 12pt;\"> Dusche,<\/span><br \/>\n<span style=\"font-size: 12pt;\"> WC<\/span><\/li>\n<\/ul>\n<h2><span style=\"font-size: 12pt;\"><strong>sonstiges:<\/strong><\/span><\/h2>\n<ul>\n<li><span style=\"font-size: 12pt;\">Parkplatz vor dem Haus<\/span><\/li>\n<li><span style=\"font-size: 12pt;\">Kleine Terrasse vor dem Haus<\/span><\/li>\n<li><span style=\"font-size: 12pt;\">Gro\u00dfe Terrasse im Garten, hinter dem Haus<\/span><\/li>\n<li><span style=\"font-size: 12pt;\">Gartentisch und St\u00fchle<\/span><\/li>\n<li><span style=\"font-size: 12pt;\">Fahrr\u00e4der<\/span><\/li>\n<li><span style=\"font-size: 12pt;\">kostenloses WLAN \/ WiFi<br \/>\n<\/span><\/li>\n<\/ul>\n<\/td>\n<\/tr>\n<\/tbody>\n<\/table>\n<div id=\"attachment_398\" style=\"width: 310px\" class=\"wp-caption alignright\"><a href=\"https:\/\/www.hildalbert.de\/?page_id=594\" rel=\"noopener noreferrer\"><img loading=\"lazy\" decoding=\"async\" aria-describedby=\"caption-attachment-398\" class=\"wp-image-398 size-medium\" src=\"https:\/\/www.hildalbert.de\/wp-content\/uploads\/2018\/09\/villahildalbert_wzeg01-300x144.jpg\" alt=\"Wohnzimmer EG\" width=\"300\" height=\"144\"><\/a><p id=\"caption-attachment-398\" class=\"wp-caption-text\">Wohnzimmer EG<\/p><\/div>\n<p><span style=\"font-size: 12pt;\">Haben wir Ihr Interesse geweckt und m\u00f6chten Sie sich gerne bei uns entspannen und das sch\u00f6ne Ostfriesland genie\u00dfen?<\/span><br \/>\n<span style=\"font-size: 12pt;\"> Dann nutzen Sie doch einfach unser&nbsp;<a href=\"..\/?page_id=159\">Anfrageformular<\/a> um Ihren Urlaub zu planen.<\/span><br \/>\n<span style=\"font-size: 12pt;\"> <a href=\"..\/?page_id=21\">Den aktuellen Belegungsplan k\u00f6nnen Sie sich auch ganz komfortabel anzeigen lassen.<\/a><\/span><\/p>\n<div id=\"attachment_397\" style=\"width: 310px\" class=\"wp-caption alignleft\"><a href=\"https:\/\/www.hildalbert.de\/?page_id=594\" rel=\"noopener noreferrer\"><img loading=\"lazy\" decoding=\"async\" aria-describedby=\"caption-attachment-397\" class=\"wp-image-397 size-medium\" src=\"https:\/\/www.hildalbert.de\/wp-content\/uploads\/2018\/09\/villahildalbert_szeg01-300x171.jpg\" alt=\"Schlafzimmer EG\" width=\"300\" height=\"171\" srcset=\"https:\/\/www.hildalbert.de\/wp-content\/uploads\/2018\/09\/villahildalbert_szeg01-300x171.jpg 300w, https:\/\/www.hildalbert.de\/wp-content\/uploads\/2018\/09\/villahildalbert_szeg01-768x438.jpg 768w, https:\/\/www.hildalbert.de\/wp-content\/uploads\/2018\/09\/villahildalbert_szeg01-1024x584.jpg 1024w, https:\/\/www.hildalbert.de\/wp-content\/uploads\/2018\/09\/villahildalbert_szeg01-624x356.jpg 624w, https:\/\/www.hildalbert.de\/wp-content\/uploads\/2018\/09\/villahildalbert_szeg01.jpg 1999w\" sizes=\"auto, (max-width: 300px) 100vw, 300px\" \/><\/a><p id=\"caption-attachment-397\" class=\"wp-caption-text\">Schlafzimmer EG<\/p><\/div>\n<p><span style=\"font-size: 12pt;\">Sollten Sie noch zus\u00e4tzlichen Fragen haben, dann erreichen Sie uns gerne auch telefonisch unter 04931-9969253 oder per E-Mail an info<em><strong>AT<\/strong><\/em>hildalbert<em><strong>PUNKT<\/strong><\/em>de<\/span><\/p>\n<p><span style=\"font-size: 12pt;\">Wir w\u00fcrden uns sehr freuen, Sie als unsere G\u00e4ste begr\u00fc\u00dfen zu d\u00fcrfen.<\/span><\/p>\n<p><em>Ihre Familie Kaiser &#8211; Holzhueter<\/em><\/p>\n<h2>Lage &amp; Anfahrt<\/h2>\n<p><iframe loading=\"lazy\" style=\"border: 0;\" src=\"https:\/\/www.google.com\/maps\/embed?pb=!1m18!1m12!1m3!1d224638.1608105754!2d7.224145335946559!3d53.493788323592675!2m3!1f0!2f0!3f0!3m2!1i1024!2i768!4f13.1!3m3!1m2!1s0x47b61726de78c953%3A0xb46afd2bd781811b!2sFerienhaus+%22Villa+Hildalbert%22!5e1!3m2!1sde!2sch!4v1536669269515\" width=\"100%\" height=\"450\" frameborder=\"0\" allowfullscreen=\"allowfullscreen\"><\/iframe><\/p>\n","protected":false},"excerpt":{"rendered":"<p>Komfortables und ruhig gelegenes Ferienhaus mit bester Ausstattung. Am Ortsrand in Richtung Norddeich gelegen, in einem Wohngebiet von Norden (keine Ferienanlage). Auf ca. 90 qm, verteilt auf zwei Etagen k\u00f6nnen bis zu 4 Personen (max. zwei Hunde) Urlaub machen. Erdgeschoss: Wohn-E\u00dfzimmer, ausgestattet mit: Ledercouch mit Tisch, Fernseher, Esstisch mit St\u00fchlen Wohnk\u00fcche, ausgestattet mit: Herd, Backofen, [&hellip;]<\/p>\n","protected":false},"author":2,"featured_media":0,"parent":0,"menu_order":0,"comment_status":"closed","ping_status":"closed","template":"page-templates\/full-width.php","meta":{"_crdt_document":"","pgc_sgb_lightbox_settings":"","footnotes":""},"class_list":["post-144","page","type-page","status-publish","hentry"],"_links":{"self":[{"href":"https:\/\/www.hildalbert.de\/index.php?rest_route=\/wp\/v2\/pages\/144","targetHints":{"allow":["GET"]}}],"collection":[{"href":"https:\/\/www.hildalbert.de\/index.php?rest_route=\/wp\/v2\/pages"}],"about":[{"href":"https:\/\/www.hildalbert.de\/index.php?rest_route=\/wp\/v2\/types\/page"}],"author":[{"embeddable":true,"href":"https:\/\/www.hildalbert.de\/index.php?rest_route=\/wp\/v2\/users\/2"}],"replies":[{"embeddable":true,"href":"https:\/\/www.hildalbert.de\/index.php?rest_route=%2Fwp%2Fv2%2Fcomments&post=144"}],"version-history":[{"count":42,"href":"https:\/\/www.hildalbert.de\/index.php?rest_route=\/wp\/v2\/pages\/144\/revisions"}],"predecessor-version":[{"id":633,"href":"https:\/\/www.hildalbert.de\/index.php?rest_route=\/wp\/v2\/pages\/144\/revisions\/633"}],"wp:attachment":[{"href":"https:\/\/www.hildalbert.de\/index.php?rest_route=%2Fwp%2Fv2%2Fmedia&parent=144"}],"curies":[{"name":"wp","href":"https:\/\/api.w.org\/{rel}","templated":true}]}}