{"id":146,"date":"2018-03-30T22:35:03","date_gmt":"2018-03-30T20:35:03","guid":{"rendered":"http:\/\/neu.hildalbert.de\/?page_id=146"},"modified":"2025-08-20T10:34:35","modified_gmt":"2025-08-20T08:34:35","slug":"ferienhaus-villa-hildalbert-preise","status":"publish","type":"page","link":"https:\/\/www.hildalbert.de\/?page_id=146","title":{"rendered":"Ferienhaus &#8222;Villa Hildalbert&#8220; in Norden &#8211; Preise"},"content":{"rendered":"<p style=\"text-align: right;\">Preise g\u00fcltig ab 01.01.2024<\/p>\n<p><strong>Bei uns gibt es keine Mindestbelegzeiten!<\/strong><br \/>Sie w\u00e4hlen den Zeitraum, den Sie in unserem Ferienhaus verbringen m\u00f6chten.<\/p>\n<hr \/>\n<h2><span style=\"color: #000000;\"><strong>Hauptsaison (M\u00e4rz bis einschl. Oktober und 22. Dezember &#8211; 02. Januar)<\/strong><\/span><\/h2>\n<ul>\n<li>160\u20ac f\u00fcr die 1. Nacht bei Belegung mit 2 Personen<\/li>\n<li>80\u20ac f\u00fcr jede weitere Nacht bei Belegung mit 2 Personen<\/li>\n<li>10\u20ac\/Nacht f\u00fcr jede weitere Person (<strong>max. 4 Personen<\/strong>)\n<ul>\n<li>davon 1 Kleinkind bis max. 3 Jahre frei<\/li>\n<\/ul>\n<\/li>\n<li>Kurtaxe, ab 16 Jahre (Abrechnung erfolgt \u00fcber Hausverwalter)<\/li>\n<\/ul>\n<hr \/>\n<h2><span style=\"color: #000000;\"><strong>Nebensaison (November bis einschl. Februar, au\u00dfer 22. Dezember &#8211; 02. Januar)<\/strong><\/span><\/h2>\n<ul>\n<li>150\u20ac f\u00fcr die 1. Nacht bei Belegung mit 2 Personen<\/li>\n<li>70\u20ac f\u00fcr jede weitere Nacht bei Belegung mit 2 Personen<\/li>\n<li>10\u20ac\/Nacht f\u00fcr jede weitere Person (<strong>max. 4 Personen<\/strong>)\n<ul>\n<li>davon 1 Kleinkind bis max. 3 Jahre frei<\/li>\n<\/ul>\n<\/li>\n<li>Kurtaxe, ab 16 Jahre (Abrechnung erfolgt \u00fcber Hausverwalter)<\/li>\n<\/ul>\n<hr \/>\n<h2><span style=\"text-decoration: underline; color: #000000;\"><strong>Zusatzleistungen, auf Wunsch (Optional), unabh\u00e4ngig von der Saison:<\/strong><\/span><\/h2>\n<ul>\n<li>W\u00e4schepaket, etc. werden \u00fcber unseren Partner in Norden gebucht und abgerechnet.<\/li>\n<li>30\u20ac\/Woche f\u00fcr einen Hund (max. 2 Hunde)<\/li>\n<\/ul>\n<hr \/>\n\n\n<ul class=\"wp-block-list\">\n<li><\/li>\n<\/ul>\n\n\n\n<p class=\"wp-block-paragraph\"><h3><span style=\"color: #000000;\">Es gelten unsere normalen Stornobedingungen:<\/span><\/h3><\/p>\n\n\n\n<ul class=\"wp-block-list\">\n<li>bis 49 Tage vor Mietbeginn: 10% des Mietpreises<\/li>\n\n\n\n<li>bis 35 Tage vor Mietbeginn: 30% des Mietpreises<\/li>\n\n\n\n<li>bis 21 Tage vor Mietbeginn: 60% des Mietpreises<\/li>\n\n\n\n<li>bis 14 Tage vor Mietbeginn: 100% des Mietpreises<\/li>\n<\/ul>\n","protected":false},"excerpt":{"rendered":"<p>Preise g\u00fcltig ab 01.01.2024 Bei uns gibt es keine Mindestbelegzeiten!Sie w\u00e4hlen den Zeitraum, den Sie in unserem Ferienhaus verbringen m\u00f6chten. Hauptsaison (M\u00e4rz bis einschl. Oktober und 22. Dezember &#8211; 02. Januar) 160\u20ac f\u00fcr die 1. Nacht bei Belegung mit 2 Personen 80\u20ac f\u00fcr jede weitere Nacht bei Belegung mit 2 Personen 10\u20ac\/Nacht f\u00fcr jede weitere [&hellip;]<\/p>\n","protected":false},"author":2,"featured_media":0,"parent":144,"menu_order":0,"comment_status":"closed","ping_status":"closed","template":"page-templates\/full-width.php","meta":{"_crdt_document":"","pgc_sgb_lightbox_settings":"","footnotes":""},"class_list":["post-146","page","type-page","status-publish","hentry"],"_links":{"self":[{"href":"https:\/\/www.hildalbert.de\/index.php?rest_route=\/wp\/v2\/pages\/146","targetHints":{"allow":["GET"]}}],"collection":[{"href":"https:\/\/www.hildalbert.de\/index.php?rest_route=\/wp\/v2\/pages"}],"about":[{"href":"https:\/\/www.hildalbert.de\/index.php?rest_route=\/wp\/v2\/types\/page"}],"author":[{"embeddable":true,"href":"https:\/\/www.hildalbert.de\/index.php?rest_route=\/wp\/v2\/users\/2"}],"replies":[{"embeddable":true,"href":"https:\/\/www.hildalbert.de\/index.php?rest_route=%2Fwp%2Fv2%2Fcomments&post=146"}],"version-history":[{"count":63,"href":"https:\/\/www.hildalbert.de\/index.php?rest_route=\/wp\/v2\/pages\/146\/revisions"}],"predecessor-version":[{"id":755,"href":"https:\/\/www.hildalbert.de\/index.php?rest_route=\/wp\/v2\/pages\/146\/revisions\/755"}],"up":[{"embeddable":true,"href":"https:\/\/www.hildalbert.de\/index.php?rest_route=\/wp\/v2\/pages\/144"}],"wp:attachment":[{"href":"https:\/\/www.hildalbert.de\/index.php?rest_route=%2Fwp%2Fv2%2Fmedia&parent=146"}],"curies":[{"name":"wp","href":"https:\/\/api.w.org\/{rel}","templated":true}]}}