{"id":159,"date":"2018-03-30T23:45:05","date_gmt":"2018-03-30T21:45:05","guid":{"rendered":"http:\/\/neu.hildalbert.de\/?page_id=159"},"modified":"2020-07-15T17:25:01","modified_gmt":"2020-07-15T15:25:01","slug":"reservierungsanfrage-villa-hildalbert-in-norden","status":"publish","type":"page","link":"https:\/\/www.hildalbert.de\/?page_id=159","title":{"rendered":"Ihre Anfrage an uns"},"content":{"rendered":"<p>Bitte f\u00fcllen Sie das Formular vollst\u00e4ndig aus, um R\u00fcckfragen zu vermeiden. Dies erm\u00f6glicht eine z\u00fcgige Bearbeitung.<br \/>\nGerne erreichen Sie uns auch telefonisch unter 04931-9969253 oder per E-Mail an info<em><strong>AT<\/strong><\/em>hildalbert<em><strong>PUNKT<\/strong><\/em>de<\/p>\n<h2><span style=\"color: #000000;\"><strong>Mindestbelegung:<\/strong><\/span><\/h2>\n<p>Bei uns gibt es <em>keine<\/em> Mindestbelegzeiten. Sie w\u00e4hlen den Zeitraum, den Sie in unserem Ferienhaus verbringen m\u00f6chten.<\/p>\n<hr \/>\n<div class=\"wpforms-container wpforms-container-full\" id=\"wpforms-158\"><form id=\"wpforms-form-158\" class=\"wpforms-validate wpforms-form\" data-formid=\"158\" method=\"post\" enctype=\"multipart\/form-data\" action=\"\/index.php?rest_route=%2Fwp%2Fv2%2Fpages%2F159\" data-token=\"cec8865d231b03842e27ec30a561ba35\" data-token-time=\"1778142424\"><div class=\"wpforms-head-container\"><\/div><noscript class=\"wpforms-error-noscript\">Bitte aktiviere JavaScript in deinem Browser, um dieses Formular fertigzustellen.<\/noscript><div class=\"wpforms-field-container\"><div id=\"wpforms-158-field_0-container\" class=\"wpforms-field wpforms-field-name\" data-field-id=\"0\"><label class=\"wpforms-field-label\">Name <span class=\"wpforms-required-label\">*<\/span><\/label><div class=\"wpforms-field-row wpforms-field-medium\"><div class=\"wpforms-field-row-block wpforms-first wpforms-one-half\"><input type=\"text\" id=\"wpforms-158-field_0\" class=\"wpforms-field-name-first wpforms-field-required\" name=\"wpforms[fields][0][first]\" required><label for=\"wpforms-158-field_0\" class=\"wpforms-field-sublabel after\">Vorname<\/label><\/div><div class=\"wpforms-field-row-block wpforms-one-half\"><input type=\"text\" id=\"wpforms-158-field_0-last\" class=\"wpforms-field-name-last wpforms-field-required\" name=\"wpforms[fields][0][last]\" required><label for=\"wpforms-158-field_0-last\" class=\"wpforms-field-sublabel after\">Nachname<\/label><\/div><\/div><\/div><div id=\"wpforms-158-field_15-container\" class=\"wpforms-field wpforms-field-text\" data-field-id=\"15\"><label class=\"wpforms-field-label\" for=\"wpforms-158-field_15\">Telefon <span class=\"wpforms-required-label\">*<\/span><\/label><input type=\"text\" id=\"wpforms-158-field_15\" class=\"wpforms-field-small wpforms-field-required\" name=\"wpforms[fields][15]\" required><div class=\"wpforms-field-description\">Bsp.: 04931-9969253 o. +49 4931 9969253<\/div><\/div><div id=\"wpforms-158-field_1-container\" class=\"wpforms-field wpforms-field-email\" data-field-id=\"1\"><label class=\"wpforms-field-label\" for=\"wpforms-158-field_1\">E-Mail-Adresse <span class=\"wpforms-required-label\">*<\/span><\/label><input type=\"email\" id=\"wpforms-158-field_1\" class=\"wpforms-field-medium wpforms-field-required\" name=\"wpforms[fields][1]\" spellcheck=\"false\" required><\/div><div id=\"wpforms-158-field_6-container\" class=\"wpforms-field wpforms-field-text\" data-field-id=\"6\"><label class=\"wpforms-field-label\" for=\"wpforms-158-field_6\">An welchem Datum wollen Sie anreisen? <span class=\"wpforms-required-label\">*<\/span><\/label><input type=\"text\" id=\"wpforms-158-field_6\" class=\"wpforms-field-small wpforms-field-required\" name=\"wpforms[fields][6]\" required><div class=\"wpforms-field-description\">Bsp. 01.07.2018 o. 5.3.2018<\/div><\/div><div id=\"wpforms-158-field_7-container\" class=\"wpforms-field wpforms-field-text\" data-field-id=\"7\"><label class=\"wpforms-field-label\" for=\"wpforms-158-field_7\">An welchem Datum wollen Sie abreisen? (Mindestbelegung 3 N\u00e4chte) <span class=\"wpforms-required-label\">*<\/span><\/label><input type=\"text\" id=\"wpforms-158-field_7\" class=\"wpforms-field-small wpforms-field-required\" name=\"wpforms[fields][7]\" required><div class=\"wpforms-field-description\">Bsp. 08.07.2018 o. 12.3.2018<\/div><\/div><div id=\"wpforms-158-field_12-container\" class=\"wpforms-field wpforms-field-select wpforms-field-select-style-classic\" data-field-id=\"12\"><label class=\"wpforms-field-label\" for=\"wpforms-158-field_12\">Mit wieviel Personen wollen Sie das Ferienhaus belegen? <span class=\"wpforms-required-label\">*<\/span><\/label><select id=\"wpforms-158-field_12\" class=\"wpforms-field-small wpforms-field-required\" name=\"wpforms[fields][12]\" required=\"required\"><option value=\"\" class=\"placeholder\" disabled  selected='selected'>Bitte ausw\u00e4hlen<\/option><option value=\"1 Person\"  class=\"choice-1 depth-1\"  >1 Person<\/option><option value=\"2 Personen\"  class=\"choice-2 depth-1\"  >2 Personen<\/option><option value=\"3 Personen\"  class=\"choice-3 depth-1\"  >3 Personen<\/option><option value=\"4 Personen\"  class=\"choice-4 depth-1\"  >4 Personen<\/option><\/select><\/div><div id=\"wpforms-158-field_9-container\" class=\"wpforms-field wpforms-field-text\" data-field-id=\"9\"><label class=\"wpforms-field-label\" for=\"wpforms-158-field_9\">M\u00f6chten Sie einen Hund mitbringen?<\/label><input type=\"text\" id=\"wpforms-158-field_9\" class=\"wpforms-field-large\" name=\"wpforms[fields][9]\" ><div class=\"wpforms-field-description\">WICHTIG: Bitte Rasse und Gr\u00f6\u00dfe des Hundes angeben. (Falls nicht zutreffend, bitte einfach freilassen)<\/div><\/div><div id=\"wpforms-158-field_2-container\" class=\"wpforms-field wpforms-field-textarea\" data-field-id=\"2\"><label class=\"wpforms-field-label\" for=\"wpforms-158-field_2\">Haben Sie evtl. noch Fragen, die wir Ihnen beantworten k\u00f6nnen?<\/label><textarea id=\"wpforms-158-field_2\" class=\"wpforms-field-medium\" name=\"wpforms[fields][2]\" placeholder=\"Nach best\u00e4tigter Buchung erhalten Sie eine gesonderte E-Mail von unserem Partner in Norden. Diese E-Mail enth\u00e4lt weitere Informationen bezgl. der Buchung von W\u00e4schepaketen (Bettw\u00e4sche (~9\u20ac\/Pers.), Handt\u00fcchern (~6\u20ac\/Pers.), etc.) sowie weiteren Sonderleistungen.\" ><\/textarea><div class=\"wpforms-field-description\"> (Falls nicht zutreffend, bitte einfach freilassen)<\/div><\/div><div id=\"wpforms-158-field_14-container\" class=\"wpforms-field wpforms-field-checkbox\" data-field-id=\"14\"><label class=\"wpforms-field-label\">Kenntnisnahme der Datenschutzerkl\u00e4rung <span class=\"wpforms-required-label\">*<\/span><\/label><ul id=\"wpforms-158-field_14\" class=\"wpforms-field-required\"><li class=\"choice-1 depth-1\"><input type=\"checkbox\" id=\"wpforms-158-field_14_1\" name=\"wpforms[fields][14][]\" value=\" Ich habe die Datenschutzerkl\u00e4rung gelesen und willige in die Verarbeitung meiner personenbezogenen Daten entsprechend der Datenschutzrichtlinien ein. Diese Einwilligung kann ich jederzeit widerrufen.\" required ><label class=\"wpforms-field-label-inline\" for=\"wpforms-158-field_14_1\">Ich habe die Datenschutzerkl\u00e4rung gelesen und willige in die Verarbeitung meiner personenbezogenen Daten entsprechend der Datenschutzrichtlinien ein. Diese Einwilligung kann ich jederzeit widerrufen.<\/label><\/li><\/ul><div class=\"wpforms-field-description\">Der Schutz Ihrer pers\u00f6nlichen Daten ist uns sehr wichtig. Ihre personenbezogenen Daten unterliegen dem Datenschutz und werden bei uns daher nur f\u00fcr die Kontaktaufnahme gespeichert und nicht an Dritte weitergegeben oder f\u00fcr andere Zwecke verwendet oder gespeichert. Wir haben uns selbst zur absoluten Vertraulichkeit verpflichtet. Alles Details k\u00f6nnen Sie der Datenschutzerkl\u00e4rung unserer Internetseite entnehmen.<\/div><\/div><\/div><!-- .wpforms-field-container --><div class=\"wpforms-field wpforms-field-hp\"><label for=\"wpforms-158-field-hp\" class=\"wpforms-field-label\">Email<\/label><input type=\"text\" name=\"wpforms[hp]\" id=\"wpforms-158-field-hp\" class=\"wpforms-field-medium\"><\/div><div class=\"wpforms-recaptcha-container wpforms-is-recaptcha wpforms-is-recaptcha-type-v2\" ><div class=\"g-recaptcha\" data-sitekey=\"6LcQB1AUAAAAAPFNNvL9Feolq5Lka4qaDgPXMeCv\"><\/div><input type=\"text\" name=\"g-recaptcha-hidden\" class=\"wpforms-recaptcha-hidden\" style=\"position:absolute!important;clip:rect(0,0,0,0)!important;height:1px!important;width:1px!important;border:0!important;overflow:hidden!important;padding:0!important;margin:0!important;\" data-rule-recaptcha=\"1\"><\/div><div class=\"wpforms-submit-container\" ><input type=\"hidden\" name=\"wpforms[id]\" value=\"158\"><input type=\"hidden\" name=\"page_title\" value=\"\"><input type=\"hidden\" name=\"page_url\" value=\"https:\/\/www.hildalbert.de\/index.php?rest_route=\/wp\/v2\/pages\/159\"><input type=\"hidden\" name=\"url_referer\" value=\"\"><button type=\"submit\" name=\"wpforms[submit]\" id=\"wpforms-submit-158\" class=\"wpforms-submit\" data-alt-text=\"Sende...\" data-submit-text=\"Senden\" aria-live=\"assertive\" value=\"wpforms-submit\">Senden<\/button><\/div><\/form><\/div>  <!-- .wpforms-container -->\n","protected":false},"excerpt":{"rendered":"<p>Bitte f\u00fcllen Sie das Formular vollst\u00e4ndig aus, um R\u00fcckfragen zu vermeiden. Dies erm\u00f6glicht eine z\u00fcgige Bearbeitung. Gerne erreichen Sie uns auch telefonisch unter 04931-9969253 oder per E-Mail an infoAThildalbertPUNKTde Mindestbelegung: Bei uns gibt es keine Mindestbelegzeiten. Sie w\u00e4hlen den Zeitraum, den Sie in unserem Ferienhaus verbringen m\u00f6chten.<\/p>\n","protected":false},"author":2,"featured_media":0,"parent":144,"menu_order":0,"comment_status":"closed","ping_status":"closed","template":"page-templates\/full-width.php","meta":{"_crdt_document":"","pgc_sgb_lightbox_settings":"","footnotes":""},"class_list":["post-159","page","type-page","status-publish","hentry"],"_links":{"self":[{"href":"https:\/\/www.hildalbert.de\/index.php?rest_route=\/wp\/v2\/pages\/159","targetHints":{"allow":["GET"]}}],"collection":[{"href":"https:\/\/www.hildalbert.de\/index.php?rest_route=\/wp\/v2\/pages"}],"about":[{"href":"https:\/\/www.hildalbert.de\/index.php?rest_route=\/wp\/v2\/types\/page"}],"author":[{"embeddable":true,"href":"https:\/\/www.hildalbert.de\/index.php?rest_route=\/wp\/v2\/users\/2"}],"replies":[{"embeddable":true,"href":"https:\/\/www.hildalbert.de\/index.php?rest_route=%2Fwp%2Fv2%2Fcomments&post=159"}],"version-history":[{"count":13,"href":"https:\/\/www.hildalbert.de\/index.php?rest_route=\/wp\/v2\/pages\/159\/revisions"}],"predecessor-version":[{"id":495,"href":"https:\/\/www.hildalbert.de\/index.php?rest_route=\/wp\/v2\/pages\/159\/revisions\/495"}],"up":[{"embeddable":true,"href":"https:\/\/www.hildalbert.de\/index.php?rest_route=\/wp\/v2\/pages\/144"}],"wp:attachment":[{"href":"https:\/\/www.hildalbert.de\/index.php?rest_route=%2Fwp%2Fv2%2Fmedia&parent=159"}],"curies":[{"name":"wp","href":"https:\/\/api.w.org\/{rel}","templated":true}]}}