{"id":2,"date":"2018-03-28T09:59:06","date_gmt":"2018-03-28T09:59:06","guid":{"rendered":"http:\/\/hildalbert.de\/?page_id=2"},"modified":"2023-08-09T14:40:01","modified_gmt":"2023-08-09T12:40:01","slug":"index","status":"publish","type":"page","link":"https:\/\/www.hildalbert.de\/","title":{"rendered":"Startseite"},"content":{"rendered":"<div id=\"pl-2\" class=\"panel-layout\">\n<div id=\"pg-2-0\" class=\"panel-grid panel-no-style\" data-ratio-direction=\"right\" data-ratio=\"0.61803398\" data-style=\"{&quot;background_display&quot;:&quot;tile&quot;,&quot;cell_alignment&quot;:&quot;flex-start&quot;}\">\n<h2 class=\"mceTemp\"><span style=\"font-size: 12pt;\">Moin und herzlich Willkommen<\/span><span style=\"color: #23282d; font-size: 1.6em; font-weight: 600;\">&nbsp;<\/span><span style=\"font-size: 12pt;\">auf unserer Internetseite.&nbsp;<\/span><\/h2>\n<table style=\"height: 0px; width: 100%;\">\n<tbody>\n<tr>\n<td style=\"width: 70%; vertical-align: top;\">\n<div id=\"pl-2\" class=\"panel-layout\">\n<div id=\"pg-2-0\" class=\"panel-grid panel-no-style\" data-ratio-direction=\"right\" data-ratio=\"0.61803398\" data-style=\"{&quot;background_display&quot;:&quot;tile&quot;,&quot;cell_alignment&quot;:&quot;flex-start&quot;}\">\n<div data-weight=\"0.61803399209206\"><span style=\"font-size: 12pt;\">Unser Ferienhaus &#8222;Villa Hildalbert&#8220; liegt in der \u00e4ltesten Stadt Ostfrieslands, dem sch\u00f6nen Norden.<\/span><\/div>\n<div data-weight=\"0.61803399209206\">\n<p><span style=\"font-size: 12pt;\">Komfortables und ruhig gelegenes Ferienhaus mit bester Ausstattung. Am Ortsrand in Richtung Norddeich gelegen, in einem Wohngebiet von Norden (keine Ferienanlage).<\/span><\/p>\n<ul>\n<li><span style=\"font-size: 12pt;\">Mit dem Fahrrad in 5-10 Minuten zum Strand in Norddeich.<\/span><\/li>\n<li><span style=\"font-size: 12pt;\">Superm\u00e4rkte in 3-5 Minuten mit dem PKW erreichbar.<\/span><\/li>\n<li><span style=\"font-size: 12pt;\">Restaurants in 5-10 Minuten zu Fu\u00df erreichbar.<\/span><\/li>\n<li><span style=\"font-size: 12pt;\">Weitere Restaurants in Norddeich und im Zentrum von Norden.<\/span><\/li>\n<\/ul>\n<p><span style=\"font-size: 12pt;\">Auf ca. 90 qm, verteilt auf zwei Etagen k\u00f6nnen bis zu 4 Personen (max. zwei Hunde) Urlaub machen. Das gem\u00fctlich eingerichtete Haus bietet 2 Schlafzimmer, 2 Duschb\u00e4der mit Tageslicht sowie einen gro\u00dfen Wohn-Essbereich mit einer voll ausgestatteten K\u00fcche.<\/span><\/p>\n<\/div>\n<div data-weight=\"0.61803399209206\"><span style=\"font-size: 12pt;\">2 Terrassen und ein eingez\u00e4unter Garten laden zum Relaxen ein.<\/span><\/div>\n<div data-weight=\"0.61803399209206\"><span style=\"font-size: 12pt;\">Das Wohnzimmer verf\u00fcgt \u00fcber einen Kaminofen, au\u00dferdem steht unseren G\u00e4sten eine Sauna im Haus zur Verf\u00fcgung.&nbsp;Die Nutzung der vorhandenen Fahrr\u00e4der, Waschmaschine und W\u00e4schetrockner ist selbstverst\u00e4ndlich m\u00f6glich.<\/span><\/div>\n<\/div>\n<\/div>\n<div data-weight=\"0.61803399209206\"><span style=\"font-size: 12pt;\">Sollten wir das Interesse an unserem Ferienhaus geweckt haben, w\u00fcrden wir uns freuen, Sie als unsere G\u00e4ste begr\u00fc\u00dfen zu d\u00fcrfen.<\/span><\/div>\n<div data-weight=\"0.61803399209206\">&nbsp;<\/div>\n<div data-weight=\"0.61803399209206\"><span style=\"font-size: 12pt;\">Herzlichst<br \/>\n<\/span><span style=\"font-size: 12pt;\">Ihre Familie Kaiser und Holzhueter<\/span><\/div>\n<p>&nbsp;<\/td>\n<td style=\"vertical-align: top;\">\n<p><div id=\"attachment_523\" style=\"width: 210px\" class=\"wp-caption alignnone\"><img loading=\"lazy\" decoding=\"async\" aria-describedby=\"caption-attachment-523\" class=\" wp-image-523\" src=\"https:\/\/www.hildalbert.de\/wp-content\/uploads\/2021\/10\/DJI_0100-01_wm_wm800-300x225.jpeg\" alt=\"\" width=\"200\" height=\"150\" srcset=\"https:\/\/www.hildalbert.de\/wp-content\/uploads\/2021\/10\/DJI_0100-01_wm_wm800-300x225.jpeg 300w, https:\/\/www.hildalbert.de\/wp-content\/uploads\/2021\/10\/DJI_0100-01_wm_wm800-768x575.jpeg 768w, https:\/\/www.hildalbert.de\/wp-content\/uploads\/2021\/10\/DJI_0100-01_wm_wm800-624x467.jpeg 624w, https:\/\/www.hildalbert.de\/wp-content\/uploads\/2021\/10\/DJI_0100-01_wm_wm800.jpeg 800w\" sizes=\"auto, (max-width: 200px) 100vw, 200px\" \/><p id=\"caption-attachment-523\" class=\"wp-caption-text\">Ferienhaus &#8222;Villa Hildalbert\u201c, Ansicht vom Hollander Weg<\/p><\/div><\/td>\n<\/tr>\n<\/tbody>\n<\/table>\n<div data-weight=\"0.61803399209206\"><span style=\"font-size: 12pt;\">&nbsp;<\/span><\/div>\n<\/div>\n<\/div>\n","protected":false},"excerpt":{"rendered":"<p>Moin und herzlich Willkommen&nbsp;auf unserer Internetseite.&nbsp; Unser Ferienhaus &#8222;Villa Hildalbert&#8220; liegt in der \u00e4ltesten Stadt Ostfrieslands, dem sch\u00f6nen Norden. Komfortables und ruhig gelegenes Ferienhaus mit bester Ausstattung. Am Ortsrand in Richtung Norddeich gelegen, in einem Wohngebiet von Norden (keine Ferienanlage). Mit dem Fahrrad in 5-10 Minuten zum Strand in Norddeich. Superm\u00e4rkte in 3-5 Minuten mit [&hellip;]<\/p>\n","protected":false},"author":2,"featured_media":0,"parent":0,"menu_order":0,"comment_status":"closed","ping_status":"open","template":"page-templates\/front-page.php","meta":{"_crdt_document":"","pgc_sgb_lightbox_settings":"","footnotes":""},"class_list":["post-2","page","type-page","status-publish","hentry"],"_links":{"self":[{"href":"https:\/\/www.hildalbert.de\/index.php?rest_route=\/wp\/v2\/pages\/2","targetHints":{"allow":["GET"]}}],"collection":[{"href":"https:\/\/www.hildalbert.de\/index.php?rest_route=\/wp\/v2\/pages"}],"about":[{"href":"https:\/\/www.hildalbert.de\/index.php?rest_route=\/wp\/v2\/types\/page"}],"author":[{"embeddable":true,"href":"https:\/\/www.hildalbert.de\/index.php?rest_route=\/wp\/v2\/users\/2"}],"replies":[{"embeddable":true,"href":"https:\/\/www.hildalbert.de\/index.php?rest_route=%2Fwp%2Fv2%2Fcomments&post=2"}],"version-history":[{"count":53,"href":"https:\/\/www.hildalbert.de\/index.php?rest_route=\/wp\/v2\/pages\/2\/revisions"}],"predecessor-version":[{"id":632,"href":"https:\/\/www.hildalbert.de\/index.php?rest_route=\/wp\/v2\/pages\/2\/revisions\/632"}],"wp:attachment":[{"href":"https:\/\/www.hildalbert.de\/index.php?rest_route=%2Fwp%2Fv2%2Fmedia&parent=2"}],"curies":[{"name":"wp","href":"https:\/\/api.w.org\/{rel}","templated":true}]}}